{"id":340,"date":"2022-05-24T20:17:11","date_gmt":"2022-05-24T20:17:11","guid":{"rendered":"https:\/\/hpn.se\/?page_id=340"},"modified":"2025-12-14T20:43:36","modified_gmt":"2025-12-14T20:43:36","slug":"nyheter","status":"publish","type":"page","link":"https:\/\/hpn.se\/en\/nyheter\/","title":{"rendered":"News"},"content":{"rendered":"<div data-elementor-type=\"wp-page\" data-elementor-id=\"340\" class=\"elementor elementor-340\" data-elementor-post-type=\"page\">\n\t\t\t\t\t\t<section class=\"elementor-section elementor-top-section elementor-element elementor-element-5233600 elementor-section-boxed elementor-section-height-default elementor-section-height-default\" data-id=\"5233600\" data-element_type=\"section\" data-e-type=\"section\">\n\t\t\t\t\t\t<div class=\"elementor-container elementor-column-gap-default\">\n\t\t\t\t\t<div class=\"elementor-column elementor-col-100 elementor-top-column elementor-element elementor-element-ec21df7\" data-id=\"ec21df7\" data-element_type=\"column\" data-e-type=\"column\">\n\t\t\t<div class=\"elementor-widget-wrap elementor-element-populated\">\n\t\t\t\t\t\t\t<\/div>\n\t\t<\/div>\n\t\t\t\t\t<\/div>\n\t\t<\/section>\n\t\t\t\t<section class=\"elementor-section elementor-top-section elementor-element elementor-element-1fd6e8e9 elementor-section-boxed elementor-section-height-default elementor-section-height-default\" data-id=\"1fd6e8e9\" data-element_type=\"section\" data-e-type=\"section\">\n\t\t\t\t\t\t<div class=\"elementor-container elementor-column-gap-default\">\n\t\t\t\t\t<div class=\"elementor-column elementor-col-100 elementor-top-column elementor-element elementor-element-7ff7a01c\" data-id=\"7ff7a01c\" data-element_type=\"column\" data-e-type=\"column\">\n\t\t\t<div class=\"elementor-widget-wrap elementor-element-populated\">\n\t\t\t\t\t\t<div class=\"elementor-element elementor-element-48eef581 elementor-widget elementor-widget-heading\" data-id=\"48eef581\" data-element_type=\"widget\" data-e-type=\"widget\" data-widget_type=\"heading.default\">\n\t\t\t\t<div class=\"elementor-widget-container\">\n\t\t\t\t\t<h2 class=\"elementor-heading-title elementor-size-default\">Sommartr\u00e4ffen 2026<\/h2>\t\t\t\t<\/div>\n\t\t\t\t<\/div>\n\t\t\t\t<div class=\"elementor-element elementor-element-42d085b4 elementor-widget__width-inherit elementor-widget-tablet__width-inherit elementor-widget elementor-widget-image\" data-id=\"42d085b4\" data-element_type=\"widget\" data-e-type=\"widget\" data-widget_type=\"image.default\">\n\t\t\t\t<div class=\"elementor-widget-container\">\n\t\t\t\t\t\t\t\t\t\t\t\t\t\t\t<img fetchpriority=\"high\" decoding=\"async\" width=\"800\" height=\"534\" src=\"https:\/\/hpn.se\/wp-content\/uploads\/2025\/12\/Brevenshus-1024x683.jpg\" class=\"attachment-large size-large wp-image-2899\" alt=\"\" srcset=\"https:\/\/hpn.se\/wp-content\/uploads\/2025\/12\/Brevenshus-1024x683.jpg 1024w, https:\/\/hpn.se\/wp-content\/uploads\/2025\/12\/Brevenshus-300x200.jpg 300w, https:\/\/hpn.se\/wp-content\/uploads\/2025\/12\/Brevenshus-768x512.jpg 768w, https:\/\/hpn.se\/wp-content\/uploads\/2025\/12\/Brevenshus-1536x1024.jpg 1536w, https:\/\/hpn.se\/wp-content\/uploads\/2025\/12\/Brevenshus-18x12.jpg 18w, https:\/\/hpn.se\/wp-content\/uploads\/2025\/12\/Brevenshus-600x400.jpg 600w, https:\/\/hpn.se\/wp-content\/uploads\/2025\/12\/Brevenshus.jpg 1600w\" sizes=\"(max-width: 800px) 100vw, 800px\" \/>\t\t\t\t\t\t\t\t\t\t\t\t\t\t\t<\/div>\n\t\t\t\t<\/div>\n\t\t\t\t<div class=\"elementor-element elementor-element-633887c3 elementor-widget__width-initial elementor-widget elementor-widget-text-editor\" data-id=\"633887c3\" data-element_type=\"widget\" data-e-type=\"widget\" data-widget_type=\"text-editor.default\">\n\t\t\t\t<div class=\"elementor-widget-container\">\n\t\t\t\t\t\t\t\t\t<p><span style=\"font-size: 1rem;\">4-7 augusti 2026 tr\u00e4ffas vi p\u00e5 Brevenshus, s\u00f6der om \u00d6rebro. F\u00f6r mer information och anm\u00e4lan, <a href=\"https:\/\/hpn.se\/en\/aktiviteter\/\">klicka h\u00e4r<\/a>.<\/span><\/p>\t\t\t\t\t\t\t\t<\/div>\n\t\t\t\t<\/div>\n\t\t\t\t\t<\/div>\n\t\t<\/div>\n\t\t\t\t\t<\/div>\n\t\t<\/section>\n\t\t\t\t<section class=\"elementor-section elementor-top-section elementor-element elementor-element-77989ac elementor-section-boxed elementor-section-height-default elementor-section-height-default\" data-id=\"77989ac\" data-element_type=\"section\" data-e-type=\"section\">\n\t\t\t\t\t\t<div class=\"elementor-container elementor-column-gap-default\">\n\t\t\t\t\t<div class=\"elementor-column elementor-col-100 elementor-top-column elementor-element elementor-element-0c6bb7f\" data-id=\"0c6bb7f\" data-element_type=\"column\" data-e-type=\"column\">\n\t\t\t<div class=\"elementor-widget-wrap elementor-element-populated\">\n\t\t\t\t\t\t<div class=\"elementor-element elementor-element-b9ce838 elementor-widget elementor-widget-heading\" data-id=\"b9ce838\" data-element_type=\"widget\" data-e-type=\"widget\" data-widget_type=\"heading.default\">\n\t\t\t\t<div class=\"elementor-widget-container\">\n\t\t\t\t\t<h2 class=\"elementor-heading-title elementor-size-default\">Sommartr\u00e4ffen 2025<\/h2>\t\t\t\t<\/div>\n\t\t\t\t<\/div>\n\t\t\t\t<div class=\"elementor-element elementor-element-3cff170 elementor-widget__width-initial elementor-widget elementor-widget-text-editor\" data-id=\"3cff170\" data-element_type=\"widget\" data-e-type=\"widget\" data-widget_type=\"text-editor.default\">\n\t\t\t\t<div class=\"elementor-widget-container\">\n\t\t\t\t\t\t\t\t\t<p><span style=\"font-size: 1rem;\">HPN-f\u00f6reningens sommartr\u00e4ff 2025 anordnades p\u00e5 Syd-L\u00e5ng\u00f6, en \u00f6 utanf\u00f6r Str\u00f6mstad.<\/span><\/p><p><span style=\"background-color: transparent;\">Programmet bestod av:<\/span><\/p><ul><li>F\u00f6rel\u00e4sning<\/li><li>Fun activities<\/li><li>Tid f\u00f6r samtal i helgrupp samt mindre grupper<\/li><li>M\u00f6jlighet att dela tips och erfarenheter mellan varandra under helgen<\/li><li>Annual meeting<\/li><li>Gruppfotografering<\/li><\/ul><p>\u00a0<\/p><p>F\u00f6r mer information om Syd-L\u00e5ng\u00f6 <strong><a href=\"https:\/\/www.sydlango.se\/\">l\u00e4s h\u00e4r.<\/a><\/strong><\/p>\t\t\t\t\t\t\t\t<\/div>\n\t\t\t\t<\/div>\n\t\t\t\t<div class=\"elementor-element elementor-element-c951087 elementor-widget__width-initial elementor-widget-tablet__width-initial elementor-widget elementor-widget-image\" data-id=\"c951087\" data-element_type=\"widget\" data-e-type=\"widget\" data-widget_type=\"image.default\">\n\t\t\t\t<div class=\"elementor-widget-container\">\n\t\t\t\t\t\t\t\t\t\t\t\t\t\t\t\t<a href=\"https:\/\/www.sydlango.se\/\">\n\t\t\t\t\t\t\t<img decoding=\"async\" width=\"800\" height=\"600\" src=\"https:\/\/hpn.se\/wp-content\/uploads\/2024\/12\/sydlango-bild.jpg\" class=\"attachment-large size-large wp-image-2624\" alt=\"\" srcset=\"https:\/\/hpn.se\/wp-content\/uploads\/2024\/12\/sydlango-bild.jpg 1000w, https:\/\/hpn.se\/wp-content\/uploads\/2024\/12\/sydlango-bild-300x225.jpg 300w, https:\/\/hpn.se\/wp-content\/uploads\/2024\/12\/sydlango-bild-768x576.jpg 768w, https:\/\/hpn.se\/wp-content\/uploads\/2024\/12\/sydlango-bild-16x12.jpg 16w, https:\/\/hpn.se\/wp-content\/uploads\/2024\/12\/sydlango-bild-600x450.jpg 600w\" sizes=\"(max-width: 800px) 100vw, 800px\" \/>\t\t\t\t\t\t\t\t<\/a>\n\t\t\t\t\t\t\t\t\t\t\t\t\t\t\t<\/div>\n\t\t\t\t<\/div>\n\t\t\t\t\t<\/div>\n\t\t<\/div>\n\t\t\t\t\t<\/div>\n\t\t<\/section>\n\t\t\t\t<\/div>","protected":false},"excerpt":{"rendered":"<p>Sommartr\u00e4ffen 2026 4-7 augusti 2026 tr\u00e4ffas vi p\u00e5 Brevenshus, s\u00f6der om \u00d6rebro. F\u00f6r mer information och anm\u00e4lan, klicka h\u00e4r. Sommartr\u00e4ffen 2025 HPN-f\u00f6reningens sommartr\u00e4ff 2025 anordnades p\u00e5 Syd-L\u00e5ng\u00f6, en \u00f6 utanf\u00f6r Str\u00f6mstad. Programmet bestod av: F\u00f6rel\u00e4sning Roliga aktiviteter Tid f\u00f6r samtal i helgrupp samt mindre grupper M\u00f6jlighet att dela tips och erfarenheter mellan varandra under helgen [&hellip;]<\/p>\n","protected":false},"author":5,"featured_media":0,"parent":0,"menu_order":0,"comment_status":"closed","ping_status":"closed","template":"elementor_header_footer","meta":{"footnotes":""},"class_list":["post-340","page","type-page","status-publish","hentry"],"_links":{"self":[{"href":"https:\/\/hpn.se\/en\/wp-json\/wp\/v2\/pages\/340","targetHints":{"allow":["GET"]}}],"collection":[{"href":"https:\/\/hpn.se\/en\/wp-json\/wp\/v2\/pages"}],"about":[{"href":"https:\/\/hpn.se\/en\/wp-json\/wp\/v2\/types\/page"}],"author":[{"embeddable":true,"href":"https:\/\/hpn.se\/en\/wp-json\/wp\/v2\/users\/5"}],"replies":[{"embeddable":true,"href":"https:\/\/hpn.se\/en\/wp-json\/wp\/v2\/comments?post=340"}],"version-history":[{"count":77,"href":"https:\/\/hpn.se\/en\/wp-json\/wp\/v2\/pages\/340\/revisions"}],"predecessor-version":[{"id":2920,"href":"https:\/\/hpn.se\/en\/wp-json\/wp\/v2\/pages\/340\/revisions\/2920"}],"wp:attachment":[{"href":"https:\/\/hpn.se\/en\/wp-json\/wp\/v2\/media?parent=340"}],"curies":[{"name":"wp","href":"https:\/\/api.w.org\/{rel}","templated":true}]}}