{"id":1483,"date":"2022-06-20T07:42:26","date_gmt":"2022-06-20T07:42:26","guid":{"rendered":"https:\/\/hpn.se\/?post_type=product&#038;p=1483"},"modified":"2023-03-19T09:39:35","modified_gmt":"2023-03-19T09:39:35","slug":"sponsormedlem","status":"publish","type":"product","link":"https:\/\/hpn.se\/en\/product\/sponsormedlem\/","title":{"rendered":"Sponsorship member"},"content":{"rendered":"<div data-elementor-type=\"product-post\" data-elementor-id=\"1483\" class=\"elementor elementor-1483\" data-elementor-post-type=\"product\">\n\t\t\t\t\t\t<section class=\"elementor-section elementor-top-section elementor-element elementor-element-4094a83 elementor-section-boxed elementor-section-height-default elementor-section-height-default\" data-id=\"4094a83\" data-element_type=\"section\" data-e-type=\"section\">\n\t\t\t\t\t\t<div class=\"elementor-container elementor-column-gap-default\">\n\t\t\t\t\t<div class=\"elementor-column elementor-col-100 elementor-top-column elementor-element elementor-element-3181a388\" data-id=\"3181a388\" data-element_type=\"column\" data-e-type=\"column\">\n\t\t\t<div class=\"elementor-widget-wrap elementor-element-populated\">\n\t\t\t\t\t\t<div class=\"elementor-element elementor-element-201f83da elementor-widget elementor-widget-text-editor\" data-id=\"201f83da\" data-element_type=\"widget\" data-e-type=\"widget\" data-widget_type=\"text-editor.default\">\n\t\t\t\t<div class=\"elementor-widget-container\">\n\t\t\t\t\t\t\t\t\t<p>Detta medlemsskap \u00e4r till f\u00f6r dig som privatperson eller f\u00f6retag som vill vara med och sponsra v\u00e5r f\u00f6rening. Du f\u00e5r \u00e4ven v\u00e5r medlemstidning HPN-Spegeln mailad till Jul.<\/p>\n<p>The Swedish HPN Association needs support from committed people like you. Help us in our business by shopping in our store, giving away gift certificates or supporting our business with a gift or a support membership.<\/p>\t\t\t\t\t\t\t\t<\/div>\n\t\t\t\t<\/div>\n\t\t\t\t\t<\/div>\n\t\t<\/div>\n\t\t\t\t\t<\/div>\n\t\t<\/section>\n\t\t\t\t<\/div>","protected":false},"excerpt":{"rendered":"<p>Detta medlemsskap \u00e4r till f\u00f6r dig som privatperson eller f\u00f6retag som vill vara med och sponsra v\u00e5r f\u00f6rening. Du f\u00e5r \u00e4ven v\u00e5r medlemstidning HPN-Spegeln mailad till Jul. Svenska HPN-f\u00f6reningen beh\u00f6ver st\u00f6d fr\u00e5n engagerade personer som du. Hj\u00e4lp oss i v\u00e5r verksamhet genom att handla i v\u00e5r butik, ge bort g\u00e5vobrev eller st\u00f6tta v\u00e5r verksamhet med [&hellip;]<\/p>\n","protected":false},"featured_media":1152,"template":"","meta":[],"product_brand":[],"product_cat":[22],"product_tag":[],"class_list":{"0":"post-1483","1":"product","2":"type-product","3":"status-publish","4":"has-post-thumbnail","6":"product_cat-uncategorized","8":"first","9":"instock","10":"virtual","11":"purchasable","12":"product-type-simple"},"_links":{"self":[{"href":"https:\/\/hpn.se\/en\/wp-json\/wp\/v2\/product\/1483","targetHints":{"allow":["GET"]}}],"collection":[{"href":"https:\/\/hpn.se\/en\/wp-json\/wp\/v2\/product"}],"about":[{"href":"https:\/\/hpn.se\/en\/wp-json\/wp\/v2\/types\/product"}],"version-history":[{"count":4,"href":"https:\/\/hpn.se\/en\/wp-json\/wp\/v2\/product\/1483\/revisions"}],"predecessor-version":[{"id":1681,"href":"https:\/\/hpn.se\/en\/wp-json\/wp\/v2\/product\/1483\/revisions\/1681"}],"wp:featuredmedia":[{"embeddable":true,"href":"https:\/\/hpn.se\/en\/wp-json\/wp\/v2\/media\/1152"}],"wp:attachment":[{"href":"https:\/\/hpn.se\/en\/wp-json\/wp\/v2\/media?parent=1483"}],"wp:term":[{"taxonomy":"product_brand","embeddable":true,"href":"https:\/\/hpn.se\/en\/wp-json\/wp\/v2\/product_brand?post=1483"},{"taxonomy":"product_cat","embeddable":true,"href":"https:\/\/hpn.se\/en\/wp-json\/wp\/v2\/product_cat?post=1483"},{"taxonomy":"product_tag","embeddable":true,"href":"https:\/\/hpn.se\/en\/wp-json\/wp\/v2\/product_tag?post=1483"}],"curies":[{"name":"wp","href":"https:\/\/api.w.org\/{rel}","templated":true}]}}